{"id":146,"date":"2021-01-30T08:10:00","date_gmt":"2021-01-30T07:10:00","guid":{"rendered":"http:\/\/www.ville-naves.fr\/?page_id=146"},"modified":"2021-03-15T22:36:02","modified_gmt":"2021-03-15T21:36:02","slug":"moto-cross","status":"publish","type":"page","link":"https:\/\/ville-naves.fr\/?page_id=146","title":{"rendered":"Moto Cross"},"content":{"rendered":"\n<div class=\"wp-block-image is-style-default\"><figure class=\"aligncenter size-large is-resized\"><img loading=\"lazy\" decoding=\"async\" src=\"http:\/\/ville-naves.fr\/wp-content\/uploads\/photo-Moto-771x1024.jpg\" alt=\"\" class=\"wp-image-3737\" width=\"390\" height=\"518\" srcset=\"http:\/\/ville-naves.fr\/wp-content\/uploads\/photo-Moto-771x1024.jpg 771w, http:\/\/ville-naves.fr\/wp-content\/uploads\/photo-Moto-226x300.jpg 226w, http:\/\/ville-naves.fr\/wp-content\/uploads\/photo-Moto-768x1020.jpg 768w, http:\/\/ville-naves.fr\/wp-content\/uploads\/photo-Moto-1157x1536.jpg 1157w, http:\/\/ville-naves.fr\/wp-content\/uploads\/photo-Moto-1200x1594.jpg 1200w, http:\/\/ville-naves.fr\/wp-content\/uploads\/photo-Moto.jpg 1542w\" sizes=\"auto, (max-width: 390px) 100vw, 390px\" \/><\/figure><\/div>\n\n\n\n<p>En cette fin d&rsquo;ann\u00e9e 2020 tr\u00e8s perturb\u00e9e, l&rsquo;ensemble du moto club tient en 1er lieu \u00e0 remercier l&rsquo;ensemble des pilotes et accompagnants qui se sont d\u00e9plac\u00e9s et ont fait vivre le club durant cette saison saccad\u00e9e, ainsi que les quelques personnes qui ont song\u00e9 \u00e0 nous aider sur les travaux qui ont \u00e9t\u00e9 r\u00e9alis\u00e9s.<\/p>\n\n\n\n<p>Un investissement dans du mat\u00e9riel a \u00e9t\u00e9 fait pour assurer la pr\u00e9paration de la piste \u00e0 chaque entra\u00eenement.<\/p>\n\n\n\n<p>L&rsquo;organisation d&rsquo;une \u00e9preuve MX du championnat Occitanie avait \u00e9t\u00e9 abord\u00e9e, \u00e0 d\u00e9faut d\u2019accord de date avec la Ligue, le projet a \u00e9t\u00e9 avort\u00e9 pour l&rsquo;ann\u00e9e \u00e0 venir.<\/p>\n\n\n\n<p>Malgr\u00e9\u0301 les conditions sanitaires, le club a les yeux fix\u00e9s sur 2021 avec de beaux projets et de nouvelles animations.<\/p>\n\n\n\n<p>Nous voulons d\u00e9sormais rattraper le retard que la crise sanitaire nous a impos\u00e9&nbsp;et nous restons plus que jamais motiv\u00e9s&nbsp;!<\/p>\n\n\n\n<p>Le moto club de Nav\u00e8s vous souhaite \u00e0 tous et toutes une bonne ann\u00e9e\u00a0!<\/p>\n\n\n\n<p class=\"has-text-align-right\">Eug\u00e9nie Bertoni &#8211; Secr\u00e9taire<\/p>\n<!-- wpsso rrssb get buttons: buttons on archive option not enabled -->\n","protected":false},"excerpt":{"rendered":"<p>En cette fin d&rsquo;ann\u00e9e 2020 tr\u00e8s perturb\u00e9e, l&rsquo;ensemble du moto club tient en 1er lieu \u00e0 remercier l&rsquo;ensemble des pilotes et accompagnants qui se sont d\u00e9plac\u00e9s et ont fait vivre le club durant cette saison saccad\u00e9e, ainsi que les quelques personnes qui ont song\u00e9 \u00e0 nous aider sur les travaux qui ont \u00e9t\u00e9 r\u00e9alis\u00e9s. Un [&hellip;]<\/p>\n","protected":false},"author":3,"featured_media":0,"parent":0,"menu_order":0,"comment_status":"closed","ping_status":"open","template":"","meta":{"footnotes":""},"class_list":["post-146","page","type-page","status-publish","hentry"],"_links":{"self":[{"href":"https:\/\/ville-naves.fr\/index.php?rest_route=\/wp\/v2\/pages\/146","targetHints":{"allow":["GET"]}}],"collection":[{"href":"https:\/\/ville-naves.fr\/index.php?rest_route=\/wp\/v2\/pages"}],"about":[{"href":"https:\/\/ville-naves.fr\/index.php?rest_route=\/wp\/v2\/types\/page"}],"author":[{"embeddable":true,"href":"https:\/\/ville-naves.fr\/index.php?rest_route=\/wp\/v2\/users\/3"}],"replies":[{"embeddable":true,"href":"https:\/\/ville-naves.fr\/index.php?rest_route=%2Fwp%2Fv2%2Fcomments&post=146"}],"version-history":[{"count":12,"href":"https:\/\/ville-naves.fr\/index.php?rest_route=\/wp\/v2\/pages\/146\/revisions"}],"predecessor-version":[{"id":3738,"href":"https:\/\/ville-naves.fr\/index.php?rest_route=\/wp\/v2\/pages\/146\/revisions\/3738"}],"wp:attachment":[{"href":"https:\/\/ville-naves.fr\/index.php?rest_route=%2Fwp%2Fv2%2Fmedia&parent=146"}],"curies":[{"name":"wp","href":"https:\/\/api.w.org\/{rel}","templated":true}]}}