{"id":149,"date":"2009-11-09T17:04:27","date_gmt":"2009-11-09T15:04:27","guid":{"rendered":"http:\/\/www.ville-naves.fr\/?page_id=149"},"modified":"2015-08-19T15:47:55","modified_gmt":"2015-08-19T14:47:55","slug":"les-chateaux","status":"publish","type":"page","link":"https:\/\/www.ville-naves.fr\/?page_id=149","title":{"rendered":"Les Ch\u00e2teaux"},"content":{"rendered":"<p align=\"center\"><span style=\"font-size: medium;\"><strong>TRACES et VESTIGES du PASSE<\/strong><\/span><\/p>\n<p>Nav\u00e8s bien qu&rsquo;\u00e9tant une petite commune (938 hectares) peut s&rsquo;enorgueillir de poss\u00e9der 5 ch\u00e2teaux dont un class\u00e9 monument historique. Le premier date du Moyen \u00c2ge les autres se sont construits au cours du temps. Tous ont d\u00fb traverser des p\u00e9riodes agit\u00e9es (guerres de religion, de cent ans, croisade des albigeois, r\u00e9volution,&#8230;) certains n&rsquo;y ont pas surv\u00e9cu, beaucoup ont \u00e9t\u00e9 modifi\u00e9s. En plus de ces ch\u00e2teaux Nav\u00e8s poss\u00e8de de nombreux vestiges d&rsquo;un pass\u00e9 riche et mouvement\u00e9, ils sont les t\u00e9moins de la vitalit\u00e9 de la commune au cours des \u00e2ges.<\/p>\n<p><span style=\"font-size: medium;\"><strong>Le Ch\u00e2teau de Nav\u00e8s<\/strong><\/span><\/p>\n<ul>\n<li>Situ\u00e9 sur les bords du Thor\u00e9 c&rsquo;est lui qui est \u00e0 l&rsquo;origine du nom \u00e0 la commune et bien avant de la paroisse puis de la seigneurie.<\/li>\n<li>On retrouve les traces \u00e9crites de son existence en 1244. C&rsquo;\u00e9tait un fort de premi\u00e8re importance. Au Moyen \u00c2ge son r\u00f4le strat\u00e9gique \u00e9tait ind\u00e9niable car il contr\u00f4lait le franchissement, autant par le pont que par les gu\u00e9s, du Thor\u00e9.<\/li>\n<li>Le ch\u00e2teau actuel daterait du XVII si\u00e8cle. Depuis le XVIII si\u00e8cle il est la propri\u00e9t\u00e9 de la famille LACGER. De nombreux membres de cette famille jou\u00e8rent un r\u00f4le important dans l&rsquo;administration de Nav\u00e8s et de la r\u00e9gion..<\/li>\n<li>Des b\u00e2timents de la \u00ab\u00a0M\u00e9tairie de Nav\u00e8s\u00a0\u00bb situ\u00e9e tout proche seraient ceux de l&rsquo;\u00e9glise de l&rsquo;ancien prieur\u00e9 b\u00e9n\u00e9dictin datant \u00e9galement de cette p\u00e9riode.<\/li>\n<\/ul>\n<p><strong><span style=\"font-size: medium;\">Le ch\u00e2teau de Montespieu<\/span><\/strong><\/p>\n<ul>\n<li>Le ch\u00e2teau primitif fut construit vers 1250, le premier seigneur connu est Pierre 1er de Caudi\u00e9re, un chevalier. En 1500 il est en ruine. Le lieu exact o\u00f9 il se situait n&rsquo;est pas connu pr\u00e9cis\u00e9ment et ce n&rsquo;est pas celui du ch\u00e2teau actuel.<\/li>\n<li>Le ch\u00e2teau actuel fut \u00e9rig\u00e9 au d\u00e9but du XVI si\u00e8cle. Il comportait des foss\u00e9s qui d\u00e9j\u00e0 vers 1660 \u00e9taient \u00e0 demi combl\u00e9s et qui \u00e9videmment n&rsquo;existent plus aujourd&rsquo;hui.<\/li>\n<li>A cette \u00e9poque (1680) il fut achet\u00e9 par Monsieur de Juge, sieur de Fabr\u00e8gues, cette famille protestante le conserva ainsi que le domaine jusqu&rsquo;en 1964 date du d\u00e9c\u00e8s d&rsquo;Henriette de Juge derni\u00e8re personne \u00e0 porter ce nom. Cette famille joua souvent un r\u00f4le important dans l&rsquo;administration de la commune.<\/li>\n<li>Le ch\u00e2teau est class\u00e9 comme monument historique(1992).<\/li>\n<li>Pour vos week-ends, vos vacances vous pouvez y louer chambres ou appartement, pour tout renseignement : <a href=\"http:\/\/www.ifrance.com\/chateaudemontespieu\" target=\"_blank\">http:\/\/www.Ifrance.com\/chateaudemontespieu<\/a><\/li>\n<li>Si vous voulez en savoir plus sur le ch\u00e2teau de Montespieu cliquez sur <strong><a href=\"http:\/\/radel.naves.free.fr\/htdocs\/castel_montespieu.html\">historique<\/a><\/strong> et pour les images et la location sur <strong><a href=\"http:\/\/radel.naves.free.fr\/htdocs\/castel_diapo_montespieu.html\">diaporama<\/a><\/strong><a href=\"http:\/\/radel.naves.free.fr\/htdocs\/castel_diapo_montespieu.html\">.<\/a><br \/>\n<a href=\"https:\/\/www.ville-naves.fr\/wp-content\/uploads\/Montespieu_pholio.jpg\"><img loading=\"lazy\" decoding=\"async\" class=\"aligncenter size-medium wp-image-2151\" src=\"https:\/\/www.ville-naves.fr\/wp-content\/uploads\/Montespieu_pholio-300x200.jpg\" alt=\"Montespieu_pholio\" width=\"300\" height=\"200\" srcset=\"https:\/\/www.ville-naves.fr\/wp-content\/uploads\/Montespieu_pholio-300x200.jpg 300w, https:\/\/www.ville-naves.fr\/wp-content\/uploads\/Montespieu_pholio-1024x683.jpg 1024w, https:\/\/www.ville-naves.fr\/wp-content\/uploads\/Montespieu_pholio-800x533.jpg 800w, https:\/\/www.ville-naves.fr\/wp-content\/uploads\/Montespieu_pholio-1200x800.jpg 1200w\" sizes=\"auto, (max-width: 300px) 100vw, 300px\" \/><\/a><\/li>\n<\/ul>\n<p><strong><span style=\"font-size: medium;\">Le ch\u00e2teau de Lostange<\/span><\/strong><\/p>\n<ul>\n<li>Construit en 1586 il a appartenu \u00e0 la famille Lostange-B\u00e9cher puis \u00e0 la famille De Bonne. Il a \u00e9t\u00e9 fortement remani\u00e9 au XVIII et XX si\u00e8cle. S&rsquo;y trouve actuellement l&rsquo;APAJH avec l&rsquo;Institut M\u00e9dico-Educatif\u00a0 accueillant en semi-internat des enfants avec d\u00e9ficiences intellectuelles profondes ou avec autisme et\u00a0 le Service d&rsquo;\u00c9ducation Sp\u00e9cialis\u00e9e et de Soins \u00c0 Domicile accompagnant en milieu ordinaire des enfants avec d\u00e9ficiences l\u00e9g\u00e8res.<\/li>\n<\/ul>\n<p><strong><span style=\"font-size: medium;\">Autres ch\u00e2teaux : Vaudricourt, De La Tour. <\/span><\/strong><\/p>\n<p><strong><span style=\"font-size: medium;\">Donjon de la Tour L\u00e9onard<\/span><\/strong><\/p>\n<ul>\n<li>Situ\u00e9s sur une motte* d&rsquo;environ 2 m\u00e8tres de haut, il y a, non loin du ch\u00e2teau de LA TOUR, les restes (d&rsquo;une dizaine de m\u00e8tres de haut) d&rsquo;une tour imposante avec des murs de 1m50 d&rsquo;\u00e9paisseur. Sa construction remonte au XI ou XII si\u00e8cle.<\/li>\n<li>Elle aurait servi de tour \u00e0 signaux depuis les guerres de religion et plus tard avec sa plate-forme \u00e0 plus de 15 m\u00e8tres de hauteur elle aurait fait partie du syst\u00e8me de d\u00e9fense du ch\u00e2teau de LA TOUR.<\/li>\n<li>Au premier \u00e9tage, c\u00f4t\u00e9 sud, une fen\u00eatre en crois\u00e9e laisserait \u00e0 penser, qu&rsquo;\u00e0 une certaine \u00e9poque, elle ait pu servir d&rsquo;habitation. Cette tour a \u00e9t\u00e9 class\u00e9 monument historique en 1995.<\/li>\n<\/ul>\n<p>*motte : butte de terre naturelle ou remblais ayant servi \u00e0 l&rsquo;\u00e9dification des premiers donjons de bois<\/p>\n<p><strong><span style=\"font-size: medium;\">Galeye (Galaye)<\/span><\/strong><\/p>\n<ul>\n<li>Lieu monastique d\u00e8s le XIII si\u00e8cle. Situ\u00e9 \u00e0 l&rsquo;ouest c&rsquo;est la partie la plus \u00e9lev\u00e9e de la commune d&rsquo;o\u00f9 l&rsquo;on a une vue splendide sur la Montagne Noire. Il y a l\u00e0 une croix de granit haute de 5 m\u00e8tres, \u00e9rig\u00e9e en 1901 en souvenir d&rsquo;une mission pr\u00each\u00e9e \u00e0 Nav\u00e8s. On y trouve \u00e9galement les traces d&rsquo;un souterrain qui allait semble-t-il de Galeye \u00e0 Gaillard et celles d&rsquo;une motte remontant au Moyen \u00c2ge (diam\u00e8tre \u00e0 la base 45 \u00e0 50m).<br \/>\nLes images ci-contre donnent une id\u00e9e du merveilleux site d&rsquo;observation qu&rsquo;est Galeye (sur la vue \u00ab\u00a0est\u00a0\u00bb on peut voir au premier plan le lotissement de Galeye et au centre Nav\u00e8s avec le nouveau lotissement d&rsquo;En Ferrier)<\/li>\n<\/ul>\n<p><strong><span style=\"font-size: medium;\">Mascarenc<\/span><\/strong><\/p>\n<ul>\n<li>Domaine qui porte le nom d&rsquo;une famille protestante, pers\u00e9cut\u00e9e elle s&rsquo;exila en Angleterre, <strong>Jean-Paul Mascarenc<\/strong> devint lieutenant-gouverneur de la Nouvelle-\u00c9cosse 1740.<\/li>\n<\/ul>\n<p><strong><span style=\"font-size: medium;\">Puech-Bertou<\/span><\/strong><\/p>\n<ul>\n<li>Cette ferme est un ancien manoir dont l&rsquo;\u00e9paisseur des murailles laisse supposer qu&rsquo;il a pu jouer dans le pass\u00e9 un r\u00f4le d\u00e9fensif.<br \/>\nAux XVII et XVIII si\u00e8cle il \u00e9tait la r\u00e9sidence de la famille <strong>De Falc<\/strong> magistrats et gens de guerre, \u00e0 cette \u00e9poque le fief comprenait \u00e9galement Blima .<br \/>\nIl fut rachet\u00e9 au XIX si\u00e8cle par le petit s\u00e9minaire de Castres qui le revendit en 1840 \u00e0 la famille<strong> Dougados-Calhire<\/strong>.<\/li>\n<\/ul>\n<p><strong><span style=\"font-size: medium;\">Tourenne-Haut<\/span><\/strong><\/p>\n<ul>\n<li>En 1275 trois fr\u00e8res, <strong>Tourenne<\/strong>, bourgeois de Castres, ach\u00e8tent la seigneurie de Nav\u00e8s. L&rsquo;ain\u00e9 s&rsquo;installe au sud et c&rsquo;est lui qui fait construire le ch\u00e2teau Tourenne. Les deux autres prirent le nord de la seigneurie avec le ch\u00e2teau de Nav\u00e8s et Barginac. D\u00e9mantel\u00e9 \u00e0 la fin des guerres de religion le ch\u00e2teau de Tourenne a \u00e9t\u00e9 transform\u00e9 en exploitation agricole.<\/li>\n<\/ul>\n<p><strong><span style=\"font-size: medium;\">La M\u00e9tairie de Nav\u00e8s<\/span><\/strong><\/p>\n<ul>\n<li>Situ\u00e9e au bord du Thor\u00e9 certaines de ses b\u00e2tisses sont celles de l&rsquo;\u00e9glise de l&rsquo;ancien prieur\u00e9 b\u00e9n\u00e9dictin. Il semblerait que les moines b\u00e9n\u00e9dictins ce soient install\u00e9s, en ce lieu, tout pr\u00e8s du Thor\u00e9, vers le IX si\u00e8cle. Ce qui restait de cette \u00e9glise fut ravag\u00e9 par un incendie en 1934. Sa toiture fut remplac\u00e9 par un toit en t\u00f4le et depuis elle a \u00e9t\u00e9 utilis\u00e9e successivement comme atelier de constructions m\u00e9talliques puis comme hangar agricole.<\/li>\n<\/ul>\n<!-- wpsso rrssb get buttons: buttons on archive option not enabled -->\n","protected":false},"excerpt":{"rendered":"<p>TRACES et VESTIGES du PASSE Nav\u00e8s bien qu&rsquo;\u00e9tant une petite commune (938 hectares) peut s&rsquo;enorgueillir de poss\u00e9der 5 ch\u00e2teaux dont un class\u00e9 monument historique. Le premier date du Moyen \u00c2ge les autres se sont construits au cours du temps. Tous ont d\u00fb traverser des p\u00e9riodes agit\u00e9es (guerres de religion, de cent ans, croisade des albigeois, [&hellip;]<\/p>\n","protected":false},"author":3,"featured_media":0,"parent":0,"menu_order":9,"comment_status":"closed","ping_status":"open","template":"","meta":{"footnotes":""},"class_list":["post-149","page","type-page","status-publish","hentry"],"_links":{"self":[{"href":"https:\/\/www.ville-naves.fr\/index.php?rest_route=\/wp\/v2\/pages\/149","targetHints":{"allow":["GET"]}}],"collection":[{"href":"https:\/\/www.ville-naves.fr\/index.php?rest_route=\/wp\/v2\/pages"}],"about":[{"href":"https:\/\/www.ville-naves.fr\/index.php?rest_route=\/wp\/v2\/types\/page"}],"author":[{"embeddable":true,"href":"https:\/\/www.ville-naves.fr\/index.php?rest_route=\/wp\/v2\/users\/3"}],"replies":[{"embeddable":true,"href":"https:\/\/www.ville-naves.fr\/index.php?rest_route=%2Fwp%2Fv2%2Fcomments&post=149"}],"version-history":[{"count":4,"href":"https:\/\/www.ville-naves.fr\/index.php?rest_route=\/wp\/v2\/pages\/149\/revisions"}],"predecessor-version":[{"id":2152,"href":"https:\/\/www.ville-naves.fr\/index.php?rest_route=\/wp\/v2\/pages\/149\/revisions\/2152"}],"wp:attachment":[{"href":"https:\/\/www.ville-naves.fr\/index.php?rest_route=%2Fwp%2Fv2%2Fmedia&parent=149"}],"curies":[{"name":"wp","href":"https:\/\/api.w.org\/{rel}","templated":true}]}}