{"id":600,"date":"2021-01-30T08:10:00","date_gmt":"2021-01-30T07:10:00","guid":{"rendered":"http:\/\/www.ville-naves.fr\/?page_id=600"},"modified":"2021-03-15T22:57:33","modified_gmt":"2021-03-15T21:57:33","slug":"club-de-petanque","status":"publish","type":"page","link":"https:\/\/ville-naves.fr\/?page_id=600","title":{"rendered":"Club de P\u00e9tanque"},"content":{"rendered":"\n<p class=\"has-drop-cap\">Notre club, hormis les probl\u00e8mes li\u00e9s au virus, a eu une ann\u00e9e 2020 tr\u00e8s difficile \u00e0 la suite du d\u00e9c\u00e8s de Serge Besombes notre pr\u00e9sident. Tout le monde de la p\u00e9tanque a \u00e9t\u00e9 impact\u00e9 par les confinements, toutefois, nous avons pu faire quelques rencontres Coupe de France et Coupe du Tarn. Le 11 juillet 1e tour coupe de France gagn\u00e9 contre Puybegon, 2e tour le 24 juillet gagn\u00e9 contre Lacaune. Nous avons jou\u00e9 \u00e0 Nav\u00e8s le 13 septembre le 3e tour&nbsp;de&nbsp;Coupe de France et le 1e tour de la Coupe du Tarn contre le Club de Jonqui\u00e8res, vainqueur en Coupe de France et perdant en Coupe du Tarn. Nav\u00e8s en Coupe du Tarn au 2<sup>e<\/sup>&nbsp;tour a gagn\u00e9 Puylaurens et&nbsp;auraient d\u00fb jouer&nbsp;le 3e tour contre le club la St Ju\u00e9rienne mais pour cause de Covid la rencontre a \u00e9t\u00e9 annul\u00e9e.<\/p>\n\n\n\n<p>Le 27 septembre a eu lieu l\u2019un des derniers concours du calendrier du Tarn en respectant les gestes barri\u00e8res,&nbsp;jou\u00e9 en triplette mixte en 4 parties au boulodrome de Labrugui\u00e8re car le mauvais temps \u00e9tait au rendez-vous, 37 \u00e9quipes \u00e9taient pr\u00e9sentes et tr\u00e8s contentes de pouvoir rejouer, m\u00eame masqu\u00e9es. Notre club n&rsquo;a toujours pas de nouveau Pr\u00e9sident, nous esp\u00e9rons pouvoir faire l&rsquo;assembl\u00e9e courant Janvier pour \u00e9lire un nouveau bureau.&nbsp;Si vous d\u00e9sirez la licence de P\u00e9tanque du Tarn il vous suffit d&rsquo;un certificat m\u00e9dical, d&rsquo;une photo et une participation de 35\u20ac pour l&rsquo;ann\u00e9e qui d\u00e9marre en Janvier<\/p>\n\n\n\n<p>&nbsp;Nous vous souhaitons une meilleure ann\u00e9e 2021 et prenez soin de vous.<\/p>\n<!-- wpsso rrssb get buttons: buttons on archive option not enabled -->\n","protected":false},"excerpt":{"rendered":"<p>Notre club, hormis les probl\u00e8mes li\u00e9s au virus, a eu une ann\u00e9e 2020 tr\u00e8s difficile \u00e0 la suite du d\u00e9c\u00e8s de Serge Besombes notre pr\u00e9sident. Tout le monde de la p\u00e9tanque a \u00e9t\u00e9 impact\u00e9 par les confinements, toutefois, nous avons pu faire quelques rencontres Coupe de France et Coupe du Tarn. Le 11 juillet 1e [&hellip;]<\/p>\n","protected":false},"author":3,"featured_media":0,"parent":0,"menu_order":0,"comment_status":"closed","ping_status":"open","template":"","meta":{"footnotes":""},"class_list":["post-600","page","type-page","status-publish","hentry"],"_links":{"self":[{"href":"https:\/\/ville-naves.fr\/index.php?rest_route=\/wp\/v2\/pages\/600","targetHints":{"allow":["GET"]}}],"collection":[{"href":"https:\/\/ville-naves.fr\/index.php?rest_route=\/wp\/v2\/pages"}],"about":[{"href":"https:\/\/ville-naves.fr\/index.php?rest_route=\/wp\/v2\/types\/page"}],"author":[{"embeddable":true,"href":"https:\/\/ville-naves.fr\/index.php?rest_route=\/wp\/v2\/users\/3"}],"replies":[{"embeddable":true,"href":"https:\/\/ville-naves.fr\/index.php?rest_route=%2Fwp%2Fv2%2Fcomments&post=600"}],"version-history":[{"count":19,"href":"https:\/\/ville-naves.fr\/index.php?rest_route=\/wp\/v2\/pages\/600\/revisions"}],"predecessor-version":[{"id":3740,"href":"https:\/\/ville-naves.fr\/index.php?rest_route=\/wp\/v2\/pages\/600\/revisions\/3740"}],"wp:attachment":[{"href":"https:\/\/ville-naves.fr\/index.php?rest_route=%2Fwp%2Fv2%2Fmedia&parent=600"}],"curies":[{"name":"wp","href":"https:\/\/api.w.org\/{rel}","templated":true}]}}